{"id":9,"date":"2026-02-19T15:07:00","date_gmt":"2026-02-19T14:07:00","guid":{"rendered":"https:\/\/unzeitverlag.hafenton.de\/?page_id=9"},"modified":"2026-02-24T15:46:16","modified_gmt":"2026-02-24T14:46:16","slug":"unzeitverlag","status":"publish","type":"page","link":"https:\/\/unzeitverlag.hafenton.de\/","title":{"rendered":"Unzeitverlag"},"content":{"rendered":"<p>[vc_row][vc_column][vc_column_text]<\/p>\n<h1>Christine Hoba \u201eDie Nelkenfalle\u201c<\/h1>\n<p>[\/vc_column_text][\/vc_column][\/vc_row][vc_row][vc_column width=&#8221;2\/3&#8243;][vc_column_text]Der Roman spielt in der DDR und konzentriert sich auf den 8. M\u00e4rz 1988, den letzten Frauentag vor der politischen Wende. An diesem Tag schenken M\u00e4nner ihren Frauen rote Nelken, was im Buch eine symbolisch aufgeladene Bedeutung erh\u00e4lt. Die Handlung entfaltet sich vor dem Hintergrund des gesellschaftlichen und politischen Drucks in der Endphase der DDR, wobei ein Mikrokosmos, die Belegschaft einer gro\u00dfen staatlichen Buchhandlung (einer \u201eVolksbuchhandlung\u201c) in Halle an der Saale den zentralen Rahmen bietet. Nachdem der anstrengende Tag in der Buchhandlung zu Ende gegangen ist, treffen sich die Kolleginnen und Kollegen zu einem Umtrunk im Versammlungsraum unter dem Dach. Am n\u00e4chsten Tag ist nichts mehr, wie es war.<br \/>\nDie Hauptprotagonistin Diana k\u00fcndigt, ihre befreundete Kollegin Bruni darf ausreisen, Kollege Bernd taucht nie wieder auf.<br \/>\nChristine Hoba schreibt atmosph\u00e4risch, komisch und fantastisch von einer<br \/>\nEndzeit in der man ohne Schutzengel verloren war.<\/p>\n<p>Genaueres unter: <a href=\"https:\/\/de.wikipedia.org\/wiki\/Die_Nelkenfalle\" target=\"_blank\" rel=\"noopener\">https:\/\/de.wikipedia.org\/wiki\/Die_Nelkenfalle<\/a><br \/>\nAusschnitte aus einer Lesung: <a href=\"https:\/\/www.youtube.com\/watch?v=oCih7Lj32C0\" target=\"_blank\" rel=\"noopener\">https:\/\/www.youtube.com\/watch?v=oCih7Lj32C0<\/a><br \/>\nPhoto: Siegfried v. d. Heide[\/vc_column_text][\/vc_column][vc_column width=&#8221;1\/3&#8243;][vc_column_text]296 Seiten im Format 11,5 x 18,5 cm<br \/>\nCO2 neutral gedruckt.<br \/>\nMit Lesezeichen.<br \/>\nHandel: 15,89 Euro (VK 20 Euro)<br \/>\n<strong>ISBN 978-3-98273-100-1<\/strong><\/p>\n<p><strong>Zu bestellen bei Ihrem lokalen unabh\u00e4ngigen Buchh\u00e4ndler.<\/strong><br \/>\n<strong>Kontakt f\u00fcr H\u00e4ndler:<\/strong><br \/>\n<a href=\"mailto:unzeit@hafenton.de\"><strong>unzeit@hafenton.de<\/strong><\/a><\/p>\n<p>[\/vc_column_text][vc_column_text]<img loading=\"lazy\" decoding=\"async\" class=\"wp-image-18 aligncenter\" src=\"http:\/\/unzeitverlag.hafenton.de\/wp-content\/uploads\/sites\/6\/2026\/02\/Christine-Hoba-Die-Nelkenfalle-190x300.jpg\" alt=\"Christine Hoba Die Nelkenfalle\" width=\"250\" height=\"395\" srcset=\"https:\/\/unzeitverlag.hafenton.de\/wp-content\/uploads\/sites\/6\/2026\/02\/Christine-Hoba-Die-Nelkenfalle-190x300.jpg 190w, https:\/\/unzeitverlag.hafenton.de\/wp-content\/uploads\/sites\/6\/2026\/02\/Christine-Hoba-Die-Nelkenfalle-648x1024.jpg 648w, https:\/\/unzeitverlag.hafenton.de\/wp-content\/uploads\/sites\/6\/2026\/02\/Christine-Hoba-Die-Nelkenfalle-768x1215.jpg 768w, https:\/\/unzeitverlag.hafenton.de\/wp-content\/uploads\/sites\/6\/2026\/02\/Christine-Hoba-Die-Nelkenfalle-971x1536.jpg 971w, https:\/\/unzeitverlag.hafenton.de\/wp-content\/uploads\/sites\/6\/2026\/02\/Christine-Hoba-Die-Nelkenfalle-1295x2048.jpg 1295w, https:\/\/unzeitverlag.hafenton.de\/wp-content\/uploads\/sites\/6\/2026\/02\/Christine-Hoba-Die-Nelkenfalle-scaled.jpg 1619w\" sizes=\"auto, (max-width: 250px) 100vw, 250px\" \/>[\/vc_column_text][\/vc_column][\/vc_row][vc_row][vc_column width=&#8221;2\/3&#8243;][vc_column_text]<strong>Christine Hoba,<\/strong> 1961 in Magdeburg geboren, lebt seit 1979 in Halle. Studium der Chemie, Ausbildung zur Buchh\u00e4ndlerin und Bibliotheksassistentin, Arbeit in einer wissenschaftlichen Bibliothek. 2001 Aufnahme in den F\u00f6rderkreis der Schriftsteller in Sachsen-Anhalt.<br \/>\n3. Preistr\u00e4gerin des MDR-Literaturpreises 2002. Anerkennungsurkunde der Frau-Ava-Gesellschaft f\u00fcr Literatur 2003. Arbeitsstipendium der Landeskunststiftung Sachsen-Anhalt 2006. Aufenthaltsstipendium in der Kunstschmiede H\u00f6fgen 2010 und Stadtschreiberin der Stadt Halle 2010. Aufenthaltsstipendium K\u00fcnstlerhaus Lukas, Ahrenshoop, 2013, 2022,<br \/>\nArbeitsstipendium der Landeskunststiftung Sachsen-Anhalt 2015. Aufenthaltsstipendium im K\u00fcnstler- und Stipendiatenhaus Salzwedel 2020. Seit 2017 ist sie Mitglied im PEN Deutschland.[\/vc_column_text][\/vc_column][vc_column width=&#8221;1\/3&#8243;][vc_column_text]<img loading=\"lazy\" decoding=\"async\" class=\"wp-image-19 aligncenter\" src=\"http:\/\/unzeitverlag.hafenton.de\/wp-content\/uploads\/sites\/6\/2026\/02\/Christine-Hoba.jpeg\" alt=\"\" width=\"250\" height=\"333\" srcset=\"https:\/\/unzeitverlag.hafenton.de\/wp-content\/uploads\/sites\/6\/2026\/02\/Christine-Hoba.jpeg 480w, https:\/\/unzeitverlag.hafenton.de\/wp-content\/uploads\/sites\/6\/2026\/02\/Christine-Hoba-225x300.jpeg 225w\" sizes=\"auto, (max-width: 250px) 100vw, 250px\" \/>[\/vc_column_text][\/vc_column][\/vc_row][vc_row][vc_column css=&#8221;.vc_custom_1771512912630{margin-top: 40px !important;}&#8221;][vc_separator][\/vc_column][\/vc_row][vc_row][vc_column width=&#8221;2\/3&#8243;][vc_column_text]<\/p>\n<h1>Restw\u00e4rme muss reichen<\/h1>\n<p>Schrimpf navigiert mit stillem Trotz durch ein Leben voller Entt\u00e4uschungen, verpasster Chancen und zwischenmenschlichen Turbulenzen. Geschieden und auf der Suche nach Bedeutung trifft er auf eine Welt, die ihm st\u00e4ndig ausweicht<br \/>\nEin Stehaufm\u00e4nnchen, das lieber liegenbleiben will.<br \/>\nPeter Berg versammelt in 23 Episoden die Absurdit\u00e4ten eines gew\u00f6hnlichen Lebens. Mit Humor und Melancholie erz\u00e4hlt er von einem Mann, der lernen muss: Nicht alles l\u00e4sst sich reparieren, aber vieles l\u00e4sst sich aushalten. Geschichten \u00fcber das Scheitern, das Weitermachen und die Erkenntnis, dass W\u00fcrde ein erstaunlich dehnbarer Begriff ist.[\/vc_column_text][\/vc_column][vc_column width=&#8221;1\/3&#8243;][vc_column_text]<img loading=\"lazy\" decoding=\"async\" class=\"wp-image-22 aligncenter\" src=\"http:\/\/unzeitverlag.hafenton.de\/wp-content\/uploads\/sites\/6\/2026\/02\/Peter-Berg-Schrimpf-635x1024.jpeg\" alt=\"\" width=\"250\" height=\"403\" srcset=\"https:\/\/unzeitverlag.hafenton.de\/wp-content\/uploads\/sites\/6\/2026\/02\/Peter-Berg-Schrimpf-635x1024.jpeg 635w, https:\/\/unzeitverlag.hafenton.de\/wp-content\/uploads\/sites\/6\/2026\/02\/Peter-Berg-Schrimpf-186x300.jpeg 186w, https:\/\/unzeitverlag.hafenton.de\/wp-content\/uploads\/sites\/6\/2026\/02\/Peter-Berg-Schrimpf.jpeg 664w\" sizes=\"auto, (max-width: 250px) 100vw, 250px\" \/>[\/vc_column_text][vc_column_text]160 Seiten im Format 11,5 x 18,5 cm<br \/>\nCO2 neutral gedruckt.<br \/>\nMit Lesezeichen.<br \/>\nHandel: 14,30 Euro (VK. 18 Euro)<br \/>\nISBN 978-3-98273-102-5<\/p>\n<p><strong>Zu bestellen bei Ihrem lokalen, unabh\u00e4ngigen Buchh\u00e4ndler.<\/strong><br \/>\n<strong>Kontakt f\u00fcr H\u00e4ndler:<\/strong><br \/>\n<a href=\"mailto:unzeit@hafenton.de\"><strong>unzeit@hafenton.de<\/strong><\/a>[\/vc_column_text][\/vc_column][\/vc_row][vc_row][vc_column css=&#8221;.vc_custom_1771512912630{margin-top: 40px !important;}&#8221;][vc_row_inner][vc_column_inner width=&#8221;2\/3&#8243;][vc_column_text]<strong>Peter Berg<\/strong><br \/>\nwurde in Rostock geboren, wuchs in Berlin auf und studierte in Halle<br \/>\nGermanistik und Geschichte.<br \/>\nSeit 2009 ist er als Autor t\u00e4tig und gestaltet seit 2013 gemeinsam mit Christian Kreis die \u201eLeseb\u00fchne Kreis mit Berg\u201c. \u201eSchrimpf\u201c ist sein zweites Buch.<br \/>\n\u201ePeter Berg stattet seine Figur mit einer heute selten gewordenen, fast schon philosophischen Distanziertheit zu scheinbaren Schicksalsdingen aus &#8211; die auch Demut heissen k\u00f6nnte, abeer die dann doch charmanter r\u00fcberkommt. Und siehe da, gelegentlich kann man ahnen, dass der Held im Kampf mit Petitessen f\u00fcr sein Pech im Spiel anderweitig belohnt wird.\u201c<br \/>\n(Detlef F\u00e4rber, Mitteldeutsche Zeitung 12. Dezember 2019)<\/p>\n<p>Lesungsausschnitt unter:<br \/>\n<a href=\"https:\/\/www.youtube.com\/watch?v01fL6q7vKUJ0\" target=\"_blank\" rel=\"noopener\">https:\/\/www.youtube.com\/watch?v01fL6q7vKUJ0<\/a><br \/>\nPhoto: Siegfried v. d. Heide[\/vc_column_text][\/vc_column_inner][vc_column_inner width=&#8221;1\/3&#8243;][vc_column_text]<img loading=\"lazy\" decoding=\"async\" class=\"wp-image-23 aligncenter\" src=\"http:\/\/unzeitverlag.hafenton.de\/wp-content\/uploads\/sites\/6\/2026\/02\/Peter-Berg.jpeg\" alt=\"Peter Berg\" width=\"250\" height=\"333\" srcset=\"https:\/\/unzeitverlag.hafenton.de\/wp-content\/uploads\/sites\/6\/2026\/02\/Peter-Berg.jpeg 480w, https:\/\/unzeitverlag.hafenton.de\/wp-content\/uploads\/sites\/6\/2026\/02\/Peter-Berg-225x300.jpeg 225w\" sizes=\"auto, (max-width: 250px) 100vw, 250px\" \/>[\/vc_column_text][\/vc_column_inner][\/vc_row_inner][vc_separator][vc_row_inner][vc_column_inner][vc_column_text]<\/p>\n<h1>Ich bin Bergmann, wer ist mehr?<\/h1>\n<p>[\/vc_column_text][\/vc_column_inner][\/vc_row_inner][\/vc_column][\/vc_row][vc_row][vc_column width=&#8221;1\/3&#8243;][vc_column_text]Frauen im Bergbau in Sachsen-Anhalt<\/p>\n<p>Das Buch entstand aus Archivmaterial, Zeitungen von 1946 bis heute, Karikaturen, Zitaten aus Firmenver\u00f6ffentlichungen, Transskripten aus Filmen und einem ausf\u00fchrlichen Interview.<\/p>\n<p>Der Autor Siegfried v. d. Heide l\u00e4sst ausschlie\u00dflich Quellen und Zeitzeugen zu Wort kommen. Die Dokumentation wird erg\u00e4nzt durch 22 Photographien aus der Arbeitswelt in den 60er Jahren.[\/vc_column_text][\/vc_column][vc_column width=&#8221;2\/3&#8243;][vc_column_text]<img loading=\"lazy\" decoding=\"async\" class=\"alignnone wp-image-20\" src=\"http:\/\/unzeitverlag.hafenton.de\/wp-content\/uploads\/sites\/6\/2026\/02\/Ich-bin-Bergmann-wer-ist-mehr-1-1024x642.jpeg\" alt=\"\" width=\"600\" height=\"376\" srcset=\"https:\/\/unzeitverlag.hafenton.de\/wp-content\/uploads\/sites\/6\/2026\/02\/Ich-bin-Bergmann-wer-ist-mehr-1-1024x642.jpeg 1024w, https:\/\/unzeitverlag.hafenton.de\/wp-content\/uploads\/sites\/6\/2026\/02\/Ich-bin-Bergmann-wer-ist-mehr-1-300x188.jpeg 300w, https:\/\/unzeitverlag.hafenton.de\/wp-content\/uploads\/sites\/6\/2026\/02\/Ich-bin-Bergmann-wer-ist-mehr-1-768x482.jpeg 768w, https:\/\/unzeitverlag.hafenton.de\/wp-content\/uploads\/sites\/6\/2026\/02\/Ich-bin-Bergmann-wer-ist-mehr-1.jpeg 1057w\" sizes=\"auto, (max-width: 600px) 100vw, 600px\" \/>[\/vc_column_text][vc_column_text]136 Seiten im Format 18,5 x 11,5 cm<br \/>\nCO2 neutral gedruckt.<br \/>\nMit Lesezeichen.<br \/>\nHandel: 16,16 Euro (VK. 20 Euro)<br \/>\nISBN 978-3-98273-103-2<\/p>\n<p>Zu bestellen bei Ihrem<br \/>\nlokalen, unabh\u00e4ngigen<br \/>\nBuchh\u00e4ndler.<br \/>\nKontakt f\u00fcr H\u00e4ndler: <a href=\"mailto:unzeit@hafenton.de\">unzeit@hafenton.de<\/a>[\/vc_column_text][\/vc_column][\/vc_row][vc_row][vc_column width=&#8221;1\/3&#8243;][vc_column_text]<strong>Siegfried v. d. Heide<\/strong><br \/>\n*1961 Soltau \/ Han.<br \/>\n1978 -1981<br \/>\nkaufm\u00e4nnische Ausbildung<br \/>\n1989 &#8211; 1993<br \/>\nKunststudium an der Free International University Hamburg (Joseph-Beuys-Gr\u00fcndung)<br \/>\n1993 bis 1997<br \/>\nFachabitur und Studium Sozialp\u00e4dagogik an der FH Hamburg<br \/>\n1998 bis 2006<br \/>\nSozialp\u00e4dagoge in der Jugendkulturarbeit<br \/>\nSeit 2006<br \/>\nFreischaffender Musiker und Autor in Halle. Also solcher: vier CD- Produktionen, 25 B\u00fchnenst\u00fccke, f\u00fcnf B\u00fccher bei unterschiedlichen Verlagen.<br \/>\nMitglied im F\u00f6rderkreis der Schriftsteller Sachsen-Anhalt<\/p>\n<p>Gr\u00fcnder des Unzeit Verlags<br \/>\nEin Kleinstverlag, der ausschlie\u00dflich an lokale, unabh\u00e4ngige Buchhandlungen ausliefert.[\/vc_column_text][\/vc_column][vc_column width=&#8221;2\/3&#8243;][vc_column_text]<img loading=\"lazy\" decoding=\"async\" class=\"alignnone wp-image-21\" src=\"http:\/\/unzeitverlag.hafenton.de\/wp-content\/uploads\/sites\/6\/2026\/02\/Ich-bin-Bergmann-wer-ist-mehr-2.jpeg\" alt=\"Siegfried v. d. Heide\" width=\"600\" height=\"450\" srcset=\"https:\/\/unzeitverlag.hafenton.de\/wp-content\/uploads\/sites\/6\/2026\/02\/Ich-bin-Bergmann-wer-ist-mehr-2.jpeg 640w, https:\/\/unzeitverlag.hafenton.de\/wp-content\/uploads\/sites\/6\/2026\/02\/Ich-bin-Bergmann-wer-ist-mehr-2-300x225.jpeg 300w\" sizes=\"auto, (max-width: 600px) 100vw, 600px\" \/>[\/vc_column_text][\/vc_column][\/vc_row]<\/p>\n","protected":false},"excerpt":{"rendered":"<p>[vc_row][vc_column][vc_column_text] Christine Hoba \u201eDie Nelkenfalle\u201c [\/vc_column_text][\/vc_column][\/vc_row][vc_row][vc_column width=&#8221;2\/3&#8243;][vc_column_text]Der Roman spielt in der DDR und konzentriert sich auf den 8. M\u00e4rz 1988, den letzten Frauentag vor der politischen Wende. An diesem Tag schenken M\u00e4nner ihren Frauen rote Nelken, was im Buch eine symbolisch aufgeladene Bedeutung erh\u00e4lt. Die Handlung entfaltet sich vor dem Hintergrund des gesellschaftlichen und politischen [&hellip;]<\/p>\n","protected":false},"author":2,"featured_media":0,"parent":0,"menu_order":0,"comment_status":"closed","ping_status":"closed","template":"","meta":{"footnotes":""},"class_list":["post-9","page","type-page","status-publish","hentry"],"_links":{"self":[{"href":"https:\/\/unzeitverlag.hafenton.de\/index.php?rest_route=\/wp\/v2\/pages\/9","targetHints":{"allow":["GET"]}}],"collection":[{"href":"https:\/\/unzeitverlag.hafenton.de\/index.php?rest_route=\/wp\/v2\/pages"}],"about":[{"href":"https:\/\/unzeitverlag.hafenton.de\/index.php?rest_route=\/wp\/v2\/types\/page"}],"author":[{"embeddable":true,"href":"https:\/\/unzeitverlag.hafenton.de\/index.php?rest_route=\/wp\/v2\/users\/2"}],"replies":[{"embeddable":true,"href":"https:\/\/unzeitverlag.hafenton.de\/index.php?rest_route=%2Fwp%2Fv2%2Fcomments&post=9"}],"version-history":[{"count":42,"href":"https:\/\/unzeitverlag.hafenton.de\/index.php?rest_route=\/wp\/v2\/pages\/9\/revisions"}],"predecessor-version":[{"id":85,"href":"https:\/\/unzeitverlag.hafenton.de\/index.php?rest_route=\/wp\/v2\/pages\/9\/revisions\/85"}],"wp:attachment":[{"href":"https:\/\/unzeitverlag.hafenton.de\/index.php?rest_route=%2Fwp%2Fv2%2Fmedia&parent=9"}],"curies":[{"name":"wp","href":"https:\/\/api.w.org\/{rel}","templated":true}]}}