{"id":43,"date":"2026-02-19T16:13:40","date_gmt":"2026-02-19T15:13:40","guid":{"rendered":"https:\/\/unzeitverlag.hafenton.de\/?page_id=43"},"modified":"2026-02-24T10:01:02","modified_gmt":"2026-02-24T09:01:02","slug":"allgemeine-geschaeftsbedingungen-des-unzeit-verlag-fuer-den-handel","status":"publish","type":"page","link":"https:\/\/unzeitverlag.hafenton.de\/?page_id=43","title":{"rendered":"AGB"},"content":{"rendered":"<p>[vc_row][vc_column][vc_column_text]<\/p>\n<h1>Allgemeine Gesch\u00e4ftsbedingungen des Unzeit Verlag f\u00fcr den Handel<\/h1>\n<p>\u00a7 1 GeltungsbereichDiese Verkaufsbedingungen gelten ausschlie\u00dflich gegen\u00fcber Unternehmern, juristischen Personen des \u00f6ffentlichen Rechts oder \u00f6ffentlich-rechtlichen Sonderverm\u00f6gen im Sinne von \u00a7 310 Absatz 1 BGB. Entgegenstehende oder von unseren Verkaufsbedingungen abweichende Bedingungen des Bestellers erkennen wir nur an, wenn wir ausdr\u00fccklich schriftlich der Geltung zustimmen. Diese Verkaufsbedingungen gelten auch f\u00fcr alle zuk\u00fcnftigen Gesch\u00e4fte mit dem Besteller, soweit es sich um Rechtsgesch\u00e4fte verwandter Art handelt.<\/p>\n<p>\u00a7 2 Angebot und VertragsabschlussSofern eine Bestellung als Angebot gem\u00e4\u00df \u00a7 145 BGB anzusehen ist, wird diese vom Verlag durch Erteilung der Rechnung oder Auftragsbest\u00e4tigung angenommen. Durch Annahme von Lieferungen erkl\u00e4rt sich der K\u00e4ufer mit den Liefer- und Zahlungsbedingungen einverstanden.<\/p>\n<p>\u00a7 3 PreiseAlle Bestellungen werden zu den Preisen ausgef\u00fchrt, die bei Eingang der Bestellung im Verlag g\u00fcltig sind. Der K\u00e4ufer verpflichtet sich, alle vom Verlag getroffenen Preisfestsetzungen f\u00fcr preisgebundene Verlagserzeugnisse einzuhalten. Zwischenh\u00e4ndler haben ihre Abnehmer entsprechend zu verpflichten. Bei Zuwiderhandlungen ist der Verlag berechtigt, die Weiterbelieferung einzustellen. Muss der Verlag bezweifeln, dass die festen Ladenpreise eingehalten werden, so ist er berechtigt, den Auftrag nicht anzunehmen und von einer Lieferung abzusehen.<\/p>\n<p>\u00a7 4 Zahlung; Zahlungsverzug\u00a0Zahlung ist innerhalb von 21 Tagen nach Rechnungsstellung f\u00e4llig, sofern keine abweichenden Vereinbarungen getroffen wurden.Im Falle des Verzuges sind die gesamten im Zeitpunkt des Eintritts des Verzuges noch offenen eventuellen weiteren Forderungen des Verlages sofort f\u00e4llig. Der Verlag ist berechtigt, vom Vertrag zur\u00fcckzutreten, wenn der K\u00e4ufer mit der Zahlung in Verzug kommt. Der Verlag kann Verzugszinsen in gesetzlicher H\u00f6he auf die Gesamtforderung ab Eintritt des Verzuges berechnen. Die Geltendmachung eines weitergehenden Verzugsschadens bleibt unber\u00fchrt.Der Verlag ist berechtigt, einen s\u00e4umigen K\u00e4ufer von der Weiterbelieferung auszuschlie\u00dfen und aus sonstigen, f\u00fcr ihn wesentlichen Gr\u00fcnden bestehende Gesch\u00e4ftsverbindungen zu l\u00f6sen.<\/p>\n<p>\u00a7 5 Zur\u00fcckbehaltungsrechteZur Aus\u00fcbung eines Zur\u00fcckbehaltungsrechts ist der Besteller nur insoweit befugt, als sein Gegenanspruch auf dem gleichen Vertragsverh\u00e4ltnis beruht.<\/p>\n<p>\u00a7 6 LieferzeitDer Beginn der von uns angegebenen Lieferzeit setzt die rechtzeitige und ordnungsgem\u00e4\u00dfe Erf\u00fcllung der Verpflichtungen des Bestellers voraus. Die Einrede des nicht erf\u00fcllten Vertrages bleibt vorbehalten.<\/p>\n<p>Kommt der Besteller in Annahmeverzug oder verletzt er schuldhaft sonstige Mitwirkungspflichten, so sind wir berechtigt, den uns insoweit entstehenden Schaden, einschlie\u00dflich etwaiger Mehraufwendungen ersetzt zu verlangen. Weitergehende Anspr\u00fcche bleiben vorbehalten. Sofern vorstehende Voraussetzungen vorliegen, geht die Gefahr eines zuf\u00e4lligen Untergangs oder einer zuf\u00e4lligen Verschlechterung der Kaufsache in dem Zeitpunkt auf den Besteller \u00fcber, in dem dieser in Annahme- oder Schuldnerverzug geraten ist. Weitere gesetzliche Anspr\u00fcche und Rechte des Bestellers wegen eines Lieferverzuges bleiben unber\u00fchrt.<\/p>\n<p>\u00a7 7 Gefahr\u00fcbergang bei Versendung<br \/>\nWird die Ware auf Wunsch des Bestellers an diesen versandt, so geht mit der Absendung an den Besteller, sp\u00e4testens mit Verlassen des Werks\/Lagers die Gefahr des zuf\u00e4lligen Untergangs oder der zuf\u00e4lligen Verschlechterung der Ware auf den Besteller \u00fcber. Dies gilt unabh\u00e4ngig davon, ob die Versendung der Ware vom Erf\u00fcllungsort erfolgt oder wer die Frachtkosten tr\u00e4gt.<\/p>\n<p>\u00a7 8 EigentumsvorbehaltWir behalten uns das Eigentum an der gelieferten Sache bis zur vollst\u00e4ndigen Zahlung s\u00e4mtlicher Forderungen aus dem Liefervertrag vor. Dies gilt auch f\u00fcr alle zuk\u00fcnftigen Lieferungen, auch wenn wir uns nicht stets ausdr\u00fccklich hierauf berufen. Wir sind berechtigt, die Kaufsache zur\u00fcckzunehmen, wenn der Besteller sich vertragswidrig verh\u00e4lt.<\/p>\n<p>Der Besteller ist verpflichtet, solange das Eigentum noch nicht auf ihn \u00fcbergegangen ist, die Kaufsache pfleglich zu behandeln. Solange das Eigentum noch nicht \u00fcbergegangen ist, hat der Besteller den Verlag unverz\u00fcglich schriftlich zu benachrichtigen, wenn der gelieferte Gegenstand gepf\u00e4ndet oder sonstigen Eingriffen Dritter ausgesetzt ist. Soweit der Dritte nicht in der Lage ist, uns die gerichtlichen und au\u00dfergerichtlichen Kosten einer Klage gem\u00e4\u00df \u00a7 771 ZPO zu erstatten, haftet der Besteller f\u00fcr den uns entstandenen Ausfall.<\/p>\n<p>Der Besteller ist zur Weiterver\u00e4u\u00dferung der Vorbehaltsware im normalen Gesch\u00e4ftsverkehr berechtigt. Die Forderungen gegen\u00fcber dem Abnehmer aus der Weiterver\u00e4u\u00dferung der Vorbehaltsware tritt der Besteller schon jetzt an uns in H\u00f6he des mit uns vereinbarten Faktura-Endbetrages (einschlie\u00dflich Mehrwertsteuer) ab. Diese Abtretung gilt unabh\u00e4ngig davon, ob die Kaufsache ohne oder nach Verarbeitung weiterverkauft worden ist. Der Besteller bleibt zur Einziehung der Forderung auch nach der Abtretung erm\u00e4chtigt. Unsere Befugnis, die Forderung selbst einzuziehen, bleibt davon unber\u00fchrt. Wir werden jedoch die Forderung nicht einziehen, solange der Besteller seinen Zahlungsverpflichtungen aus den vereinnahmten Erl\u00f6sen nachkommt, nicht in Zahlungsverzug ist und insbesondere kein Antrag auf Er\u00f6ffnung eines Insolvenzverfahrens gestellt ist oder Zahlungseinstellung vorliegt.<\/p>\n<p>Die Be- und Verarbeitung oder Umbildung der Kaufsache durch den Besteller erfolgt stets namens und im Auftrag f\u00fcr uns. In diesem Fall setzt sich das Anwartschaftsrecht des Bestellers an der Kaufsache an der umgebildeten Sache fort. Sofern die Kaufsache mit anderen, uns nicht geh\u00f6renden Gegenst\u00e4nden verarbeitet wird, erwerben wir das Miteigentum an der neuen Sache im Verh\u00e4ltnis des objektiven Wertes unserer Kaufsache zu den anderen bearbeiteten Gegenst\u00e4nden zur Zeit der Verarbeitung. Dasselbe gilt f\u00fcr den Fall der Vermischung. Sofern die Vermischung in der Weise erfolgt, dass die Sache des Bestellers als Hauptsache anzusehen ist, gilt als vereinbart, dass der Besteller uns anteilm\u00e4\u00dfig Miteigentum \u00fcbertr\u00e4gt und das so entstandene Alleineigentum oder Miteigentum f\u00fcr uns verwahrt.<\/p>\n<p>Wir verpflichten uns, die uns zustehenden Sicherheiten auf Verlangen des Bestellers freizugeben, soweit ihr Wert die zu sichernden Forderungen um mehr als 20 % \u00fcbersteigt.<\/p>\n<p>\u00a7 9 Gew\u00e4hrleistung und M\u00e4ngelr\u00fcge; Herstellerregress<br \/>\nGew\u00e4hrleistungsrechte des Bestellers setzen voraus, dass dieser seinen nach \u00a7 377 HGB geschuldeten Untersuchungs- und R\u00fcgeobliegenheiten ordnungsgem\u00e4\u00df nachgekommen ist.<\/p>\n<p>M\u00e4ngelanspr\u00fcche verj\u00e4hren in 12 Monaten nach erfolgter Ablieferung der von uns gelieferten Ware bei unserem Besteller. F\u00fcr Schadensersatzanspr\u00fcche bei Vorsatz und grober Fahrl\u00e4ssigkeit sowie bei Verletzung von Leben, K\u00f6rper und Gesundheit, die auf einer vors\u00e4tzlichen oder fahrl\u00e4ssigen Pflichtverletzung des Verwenders beruhen, gilt die gesetzliche Verj\u00e4hrungsfrist.<\/p>\n<p>Sollte trotz aller aufgewendeter Sorgfalt die gelieferte Ware einen Mangel aufweisen, der bereits zum Zeitpunkt des Gefahr\u00fcbergangs vorlag, so werden wir die Ware, vorbehaltlich fristgerechter M\u00e4ngelr\u00fcge nach unserer Wahl nachbessern oder Ersatzware liefern. Es ist uns stets Gelegenheit zur Nacherf\u00fcllung innerhalb angemessener Frist zu geben. R\u00fcckgriffanspr\u00fcche bleiben von vorstehender Regelung ohne Einschr\u00e4nkung unber\u00fchrt.<\/p>\n<p>Schl\u00e4gt die Nacherf\u00fcllung fehl, kann der Besteller \u2013 unbeschadet etwaiger Schadensersatzanspr\u00fcche \u2013 vom Vertrag zur\u00fccktreten oder die Verg\u00fctung mindern.<\/p>\n<p>M\u00e4ngelanspr\u00fcche bestehen nicht bei nur unerheblicher Abweichung von der vereinbarten Beschaffenheit, bei nur unerheblicher Beeintr\u00e4chtigung der Brauchbarkeit, bei nat\u00fcrlicher Abnutzung oder Verschlei\u00df wie bei Sch\u00e4den, die nach dem Gefahr\u00fcbergang infolge fehlerhafter oder nachl\u00e4ssiger Behandlung, \u00fcberm\u00e4\u00dfiger Beanspruchung, ungeeigneter Betriebsmittel, mangelhafter Bauarbeiten, ungeeigneten Baugrundes oder aufgrund besonderer \u00e4u\u00dferer Einfl\u00fcsse entstehen, die nach dem Vertrag nicht vorausgesetzt sind. Werden vom Besteller oder Dritten unsachgem\u00e4\u00df Instandsetzungsarbeiten oder \u00c4nderungen vorgenommen, so bestehen f\u00fcr diese und die daraus entstehenden Folgen ebenfalls keine M\u00e4ngelanspr\u00fcche.<\/p>\n<p>Anspr\u00fcche des Bestellers wegen der zum Zweck der Nacherf\u00fcllung erforderlichen Aufwendungen, insbesondere Transport-, Wege-, Arbeits- und Materialkosten, sind ausgeschlossen, soweit die Aufwendungen sich erh\u00f6hen, weil die von uns gelieferte Ware nachtr\u00e4glich an einen anderen Ort als die Niederlassung des Bestellers verbracht worden ist, es sei denn, die Verbringung entspricht ihrem bestimmungsgem\u00e4\u00dfen Gebrauch.<\/p>\n<p>R\u00fcckgriffanspr\u00fcche des Bestellers gegen uns bestehen nur insoweit, als der Besteller mit seinem Abnehmer keine \u00fcber die gesetzlich zwingenden M\u00e4ngelanspr\u00fcche hinausgehenden Vereinbarungen getroffen hat. F\u00fcr den Umfang des R\u00fcckgriffanspruches des Bestellers gegen den Lieferer gilt ferner Absatz 6 entsprechend.<\/p>\n<p>\u00a7 10 R\u00fcckgaberecht; Remissionsrichtlinien<br \/>\nRemissionsrichtlinien f\u00fcr den Buchhandel der Verlagsgruppe Deutscher Apotheker Verlag (g\u00fcltig ab Juli 2008).<\/p>\n<p>Nur durch den Verlag genehmigte Remittenden werden gutgeschrieben. F\u00fcr die Genehmigung ist die Angabe der Bezugsdaten erforderlich (Rechnungsnummer und Rechnungsdatum). Der vom Verlag ausgestellte R\u00fccksendeschein muss der Remittende beiliegen. Preise oder Preisaufkleber m\u00fcssen entfernt werden. Sollte eine R\u00fccksendung ohne den R\u00fccksendeschein eintreffen, erfolgt keine Gutschrift, da die R\u00fccksendung als nicht genehmigt gilt. In diesem Fall wird die Sendung 4 Wochen lang zur Abholung bereitgelegt. Erfolgt keine Abholung, sind s\u00e4mtliche etwaigen Anspr\u00fcche gegen die Verlagsgruppe ausgeschlossen. Die Versandkosten f\u00fcr Remittenden tr\u00e4gt der Absender.<\/p>\n<p>Titel aus Festbez\u00fcgen werden nicht zur\u00fcckgenommen, wenn sie nicht mindestens eine Pr\u00e4senz von 12 Monaten im Handel hatten. Titel aus Bez\u00fcgen, die \u00e4lter als 24 Monate sind, werden nicht zur\u00fcckgenommen. Ma\u00dfgeblich f\u00fcr die Frist ist das Rechnungsdatum.<\/p>\n<p>Ausnahmen:<\/p>\n<p>Besch\u00e4digte Exemplare, M\u00e4ngelexemplare, Kongress- oder Ausstellungssendungen, die innerhalb von 90 Tagen zur\u00fcckgesandt werden.<br \/>\nRR- oder SO-Bestellungen innerhalb der vereinbarten Frist; Alte Auflagen innerhalb von 4 Wochen nach Erscheinen der Neuauflage, wenn der Bezugszeitraum nicht l\u00e4nger als 1 Jahr zur\u00fcckliegt.<br \/>\nNachweisliche Falschlieferungen der Verlagsgruppe werden ohne vorherige Genehmigung gutgeschrieben.<br \/>\nGeb\u00fchren:<\/p>\n<p>Bei fehlenden Bezugsdaten erheben wir eine Bearbeitungsgeb\u00fchr von 50% des Gutschriftbetrags. Sollten die B\u00fccher besch\u00e4digt sein, werden 80% Bearbeitungsgeb\u00fchr f\u00e4llig.<\/p>\n<p>\u00a7 11 Schadensersatz und Haftungsbeschr\u00e4nkung<br \/>\nDer Verlag haftet nach den gesetzlichen Regeln unbegrenzt auf Schadensersatz, soweit im Absatz 2 nichts anderes vorgesehen ist.<\/p>\n<p>Ausnahmsweise haftet der Verlag a) der H\u00f6he nach begrenzt auf den vertragstypischen, vorhersehbaren Schaden f\u00fcr die leicht fahrl\u00e4ssige Verletzung wesentlicher Pflichten aus dem Schuldverh\u00e4ltnis; im \u00dcbrigen b) gar nicht f\u00fcr die leicht fahrl\u00e4ssige Verletzung unwesentlicher Pflichten aus dem Schuldverh\u00e4ltnis.<\/p>\n<p>Dies gilt f\u00fcr alle Schadensersatzanspr\u00fcche, gleich aus welchem Rechtsgrund, insbesondere auch f\u00fcr die Haftung wegen unerlaubter Handlung.<\/p>\n<p>Der K\u00e4ufer ist verpflichtet, angemessene Ma\u00dfnahmen zur Schadensabwehr und -minderung zu treffen.<\/p>\n<p>\u00a7 12 Sonstiges<br \/>\nDieser Vertrag und die gesamten Rechtsbeziehungen der Parteien unterliegen dem Recht der Bundesrepublik Deutschland unter Ausschluss des UN-Kaufrechts (CISG).<\/p>\n<p>Erf\u00fcllungsort und ausschlie\u00dflicher Gerichtsstand und f\u00fcr alle Streitigkeiten aus diesem Vertrag ist unser Gesch\u00e4ftssitz Halle, sofern sich aus der Auftragsbest\u00e4tigung nichts anderes ergibt.<\/p>\n<p>Alle Vereinbarungen, die zwischen den Parteien zwecks Ausf\u00fchrung dieses Vertrages getroffen werden, sind in diesem Vertrag schriftlich niedergelegt.[\/vc_column_text][\/vc_column][\/vc_row]<\/p>\n","protected":false},"excerpt":{"rendered":"<p>[vc_row][vc_column][vc_column_text] Allgemeine Gesch\u00e4ftsbedingungen des Unzeit Verlag f\u00fcr den Handel \u00a7 1 GeltungsbereichDiese Verkaufsbedingungen gelten ausschlie\u00dflich gegen\u00fcber Unternehmern, juristischen Personen des \u00f6ffentlichen Rechts oder \u00f6ffentlich-rechtlichen Sonderverm\u00f6gen im Sinne von \u00a7 310 Absatz 1 BGB. Entgegenstehende oder von unseren Verkaufsbedingungen abweichende Bedingungen des Bestellers erkennen wir nur an, wenn wir ausdr\u00fccklich schriftlich der Geltung zustimmen. Diese Verkaufsbedingungen [&hellip;]<\/p>\n","protected":false},"author":2,"featured_media":0,"parent":0,"menu_order":0,"comment_status":"closed","ping_status":"closed","template":"","meta":{"footnotes":""},"class_list":["post-43","page","type-page","status-publish","hentry"],"_links":{"self":[{"href":"https:\/\/unzeitverlag.hafenton.de\/index.php?rest_route=\/wp\/v2\/pages\/43","targetHints":{"allow":["GET"]}}],"collection":[{"href":"https:\/\/unzeitverlag.hafenton.de\/index.php?rest_route=\/wp\/v2\/pages"}],"about":[{"href":"https:\/\/unzeitverlag.hafenton.de\/index.php?rest_route=\/wp\/v2\/types\/page"}],"author":[{"embeddable":true,"href":"https:\/\/unzeitverlag.hafenton.de\/index.php?rest_route=\/wp\/v2\/users\/2"}],"replies":[{"embeddable":true,"href":"https:\/\/unzeitverlag.hafenton.de\/index.php?rest_route=%2Fwp%2Fv2%2Fcomments&post=43"}],"version-history":[{"count":3,"href":"https:\/\/unzeitverlag.hafenton.de\/index.php?rest_route=\/wp\/v2\/pages\/43\/revisions"}],"predecessor-version":[{"id":86,"href":"https:\/\/unzeitverlag.hafenton.de\/index.php?rest_route=\/wp\/v2\/pages\/43\/revisions\/86"}],"wp:attachment":[{"href":"https:\/\/unzeitverlag.hafenton.de\/index.php?rest_route=%2Fwp%2Fv2%2Fmedia&parent=43"}],"curies":[{"name":"wp","href":"https:\/\/api.w.org\/{rel}","templated":true}]}}